{"id":400,"date":"2020-11-14T18:28:36","date_gmt":"2020-11-14T18:28:36","guid":{"rendered":"http:\/\/medical.hidup.io\/?page_id=400"},"modified":"2022-07-20T10:25:11","modified_gmt":"2022-07-20T10:25:11","slug":"politica-de-privacidad","status":"publish","type":"page","link":"https:\/\/medical.hidup.io\/es\/politica-de-privacidad\/","title":{"rendered":"Pol\u00edtica de Privacidad"},"content":{"rendered":"\n<div style=\"height:57px\" aria-hidden=\"true\" class=\"wp-block-spacer\"><\/div>\n\n\n\n<ol class=\"wp-block-list\"><li><strong>General<\/strong><\/li><\/ol>\n\n\n\n<p class=\"wp-block-paragraph\">Para posibilitar el uso de la web de HIDUP MEDICAL&nbsp; no es necesario ser usuario registrado de la misma, el presente aviso informa de la pol\u00edtica de privacidad de la compa\u00f1\u00eda con respecto a los datos facilitados a la misma.<\/p>\n\n\n\n<p class=\"wp-block-paragraph\">Para cumplir con el deber de informaci\u00f3n que exige la normativa el usuario que nos suministre datos de car\u00e1cter personal deber\u00e1 estar previamente informado de que sus datos ser\u00e1n tratados conforme al Reglamento 2016\/679 de 27 de abril y a la Ley Org\u00e1nica de Protecci\u00f3n de Datos Personales y Garant\u00edas de los Derechos Digitales 3\/2018 de 5 de diciembre, que dispone de los derechos que esta le otorga.&nbsp;<\/p>\n\n\n\n<p class=\"wp-block-paragraph\">Para atender a este deber de informaci\u00f3n se deber\u00e1 atender a todos y cada uno de los puntos de los que se informa a continuaci\u00f3n.<\/p>\n\n\n\n<p class=\"wp-block-paragraph\">Con el uso de la presente web aceptas que : HIDUP MEDICAL S.L. (HIDUP en adelante) con sede social en Calle Torrijiano n\u00ba 23 &#8211; 41009 Sevilla, CIF: <strong>&nbsp;B16734972<\/strong> como titular de la web&nbsp; almacene y trate los datos personales que nos facilitas a los efectos del uso de la plataforma. Siendo la mercantil se\u00f1alada la responsable de los datos. En todo caso, se informa al USUARIO que se llevan a cabo los siguientes tratamientos en funci\u00f3n de la informaci\u00f3n facilitada, sin perjuicio de lo establecido en los distintos avisos legales de la web donde se le requiere consentimiento espec\u00edfico.<br><\/p>\n\n\n\n<ol class=\"wp-block-list\" start=\"2\"><li><strong>\u00bfQui\u00e9n es el responsable de sus datos?<\/strong><\/li><\/ol>\n\n\n\n<p class=\"wp-block-paragraph\">HIDUP MEDICAL S.L. (HIDUP en adelante) con sede social en Calle Torrijiano n\u00ba 23 &#8211; 41009 Sevilla Sevilla, CIF: <strong>&nbsp;B16734972<\/strong> es la responsable de los datos. En todo caso, se informa al USUARIO , <strong>en aplicaci\u00f3n de la normativa vigente en materia de protecci\u00f3n de datos de car\u00e1cter personal, informa que los datos personales que se recogen a trav\u00e9s de los formularios del Sitio web se incluyen en los ficheros automatizados espec\u00edficos de usuarios de los servicios de la empresa.<\/strong><\/p>\n\n\n\n<p class=\"wp-block-paragraph\">Si usted es paciente de alguno de los centros usuarios de nuestros servicios, el responsable del tratamiento de sus datos es la entidad titular del centro que le presta atenci\u00f3n sanitaria, siendo la presente plataforma una mera encargada del tratamiento.<\/p>\n\n\n\n<ol class=\"wp-block-list\" start=\"3\"><li><strong>\u00bfQu\u00e9 hacemos con sus datos?<\/strong><\/li><\/ol>\n\n\n\n<p class=\"wp-block-paragraph\">Los tratamientos, y por tanto, el uso que de los datos personales que se llevan a cabo son los siguientes:<\/p>\n\n\n\n<ul class=\"wp-block-list\"><li>Atenci\u00f3n al cliente, para la gesti\u00f3n de dudas, consultas y reclamaciones de los usuarios.<\/li><li>Comunicaciones comerciales y publicidad, para la realizaci\u00f3n de comunicaciones comerciales y campa\u00f1as publicitarias por distintas v\u00edas como redes sociales o televisi\u00f3n, as\u00ed como la propia gesti\u00f3n de las redes sociales.<\/li><li>Anal\u00edtica de la web, para revisar el correcto uso de la web, su utilizaci\u00f3n y correcci\u00f3n de posible errores<\/li><li>Clientes potenciales y clientes contratados con esta empresa<\/li><li>Consultas web&nbsp;<\/li><li>Proveedores<\/li><li>recursos humanos<\/li><\/ul>\n\n\n\n<ol class=\"wp-block-list\" start=\"4\"><li><strong>\u00bfQu\u00e9 datos personales tratamos de nuestros usuarios?<\/strong><\/li><\/ol>\n\n\n\n<p class=\"wp-block-paragraph\">Los datos que se tratan , en funci\u00f3n de los tratamientos que se llevan a cabo con los mismos, son los siguientes:<\/p>\n\n\n\n<figure class=\"wp-block-table\"><table><tbody><tr><td>Tratamiento<\/td><td>Datos asociados<\/td><td>Legitimaci\u00f3n<\/td><td>Finalidad<\/td><\/tr><\/tbody><\/table><\/figure>\n\n\n\n<figure class=\"wp-block-table\"><table><tbody><tr><td>Clientes<\/td><td>De identificaci\u00f3n: &#8211;\u00a0<br>Nombre y apellidos,\u00a0Direcci\u00f3n postal, Tel\u00e9fonos E-mail Datos bancarios y econ\u00f3micos, Informaci\u00f3n fiscal y financiera\u00a0Direcci\u00f3n de protocolo de internet(IP)<\/td><td>Contractual<\/td><td>Uso profesional de Portal de paciente, destinado a centros m\u00e9dicos y veterinarios, en general, destinado a la mejora de la comunicaci\u00f3n y acceso a la informaci\u00f3n entre profesional y paciente, prestando los servicios contratados.&nbsp;<\/td><\/tr><tr><td>Redes sociales<\/td><td>IPusuario RRSSMail<\/td><td>ContractualInter\u00e9s leg\u00edtimo<\/td><td>Comunicaciones v\u00eda:MailRedes Sociales<\/td><\/tr><tr><td>Comunicaciones comerciales<\/td><td>Nombre y apellidos\u00a0Tel\u00e9fono E-mail<\/td><td>Inter\u00e9s leg\u00edtimo Consentimiento expreso<\/td><td>Env\u00edo de informaci\u00f3n relevante sobre productos o servicios<\/td><\/tr><tr><td>Recursos Humanos<\/td><td>Nombre y apellidos\u00a0DNI\u00a0edad E-mail Salud N\u00ba de CC Estado civil Formaci\u00f3n<\/td><td>Contractual<\/td><td>Gesti\u00f3n de la plantilla, altas y bajas seguridad social, hacienda, pagos de n\u00f3minas<\/td><\/tr><tr><td>Anal\u00edtica de la web&nbsp;<\/td><td>Id de usuariocookies<\/td><td>Contractual<\/td><td>An\u00e1lisis de uso de la aplicaci\u00f3n y espacio web<\/td><\/tr><tr><td>Proveedores<\/td><td>nombre y apellidos E-mail N\u00famero CCDNI Direcci\u00f3n fiscal<\/td><td>Contractual<\/td><td>Gesti\u00f3n de proveedores, facturaci\u00f3n y costo<\/td><\/tr><tr><td>Clientes potenciales<\/td><td>De identificaci\u00f3n: &#8211;\u00a0<br>Nombre y apellidos,\u00a0Direcci\u00f3n postal, Tel\u00e9fonos E-mail Direcci\u00f3n de protocolo de internet(IP)<\/td><td>Consentimiento expreso<br>Primer contacto: interes leg\u00edtimo<\/td><td>Informaci\u00f3n, demostraci\u00f3n y solicitud de posibles servicios a futuro.&nbsp;<\/td><\/tr><\/tbody><\/table><\/figure>\n\n\n\n<p class=\"wp-block-paragraph\"><\/p>\n\n\n\n<p class=\"wp-block-paragraph\">En cualquier caso, HIDUP proporciona el servicio de Portal del Paciente a terceros de los que es encargado del tratamiento, y por lo que se estar\u00e1 a lo determinado con cada una de dichas mercantiles.\u00a0<br><\/p>\n\n\n\n<ol class=\"wp-block-list\" start=\"5\"><li><strong>\u00bfPor cu\u00e1nto tiempo se almacenan los datos?<\/strong><\/li><\/ol>\n\n\n\n<p class=\"wp-block-paragraph\">Con car\u00e1cter general, almacenamos la informaci\u00f3n por el tiempo necesario para poder llevar a cabo los distintos tratamientos, y como m\u00e1ximo, un plazo de 2 a\u00f1os desde la baja del usuario, o un a\u00f1o de la \u00faltima confirmaci\u00f3n de inter\u00e9s comercial, a excepci\u00f3n de los datos que por obligaci\u00f3n legal hayan de mantenerse un tiempo superior.&nbsp;<br><\/p>\n\n\n\n<ol class=\"wp-block-list\" start=\"6\"><li><strong>\u00bfA qui\u00e9n cedemos datos?<\/strong><\/li><\/ol>\n\n\n\n<p class=\"wp-block-paragraph\">Cualquier dato que sea recogido por HIDUP, bajo ning\u00fan concepto, ser\u00e1 cedido a terceras empresas, salvo los casos que a continuaci\u00f3n se detallan:<\/p>\n\n\n\n<figure class=\"wp-block-table\"><table><tbody><tr><td>ENCARGADOS<\/td><td>TRATAMIENTO&nbsp;<\/td><\/tr><tr><td>Google Analytics<\/td><td>Analitica de la web<\/td><\/tr><tr><td>WordPress Plugins<\/td><td>ClientesClientes PotencialesRedes sociales<\/td><\/tr><tr><td>Recaptcha<\/td><td>Anal\u00edtica webClientesClientes potenciales<\/td><\/tr><tr><td>Google Workspace<\/td><td>ClientesRedes socialesRecursos humanosProveedoresClientes PotencialesConsulta web<\/td><\/tr><tr><td>Google words<\/td><td>Comunicaciones Comerciales<\/td><\/tr><tr><td>Google Cloud<\/td><td>Clientes<\/td><\/tr><\/tbody><\/table><\/figure>\n\n\n\n<p class=\"wp-block-paragraph\">Aquellos otros que sean necesarios para la prestaci\u00f3n del servicio y no est\u00e9n recogidos en este apartado, sin los cuales la prestaci\u00f3n ser\u00eda impracticable.<\/p>\n\n\n\n<p class=\"wp-block-paragraph\">Las actuales Redes donde se encuentra HIDUP y a los que se ceden datos son las siguientes, para lo cual se est\u00e1 a lo determinado por las mismas.<br><\/p>\n\n\n\n<p class=\"wp-block-paragraph\">LINKEDIN <a href=\"https:\/\/www.linkedin.com\/company\/hidup\" target=\"_blank\" rel=\"noopener\">https:\/\/www.linkedin.com\/company\/hidup<\/a><\/p>\n\n\n\n<ol class=\"wp-block-list\" start=\"7\"><li><strong>\u00bfHacemos decisiones automatizadas?<\/strong><\/li><\/ol>\n\n\n\n<p class=\"wp-block-paragraph\">No, actualmente HIDUP no lleva a cabo decisiones automatizadas.&nbsp;<\/p>\n\n\n\n<ol class=\"wp-block-list\" start=\"8\"><li><strong>Derechos de acceso, rectificaci\u00f3n, supresi\u00f3n, limitaci\u00f3n del tratamiento, Portabilidad de los datos y Oposici\u00f3n<\/strong><\/li><\/ol>\n\n\n\n<p class=\"wp-block-paragraph\">Conforme al Reglamento General de Protecci\u00f3n de datos y la LOPD GDD, junto con su derecho a oponerse a la automatizaci\u00f3n de decisiones, todo usuario que haya facilitado datos a HIDUP tiene los siguientes derechos que puede hacer ejercer:&nbsp;&nbsp;<\/p>\n\n\n\n<p class=\"wp-block-paragraph\">Acceso&nbsp;&nbsp;<\/p>\n\n\n\n<p class=\"wp-block-paragraph\">Rectificaci\u00f3n<\/p>\n\n\n\n<p class=\"wp-block-paragraph\">Supresi\u00f3n<\/p>\n\n\n\n<p class=\"wp-block-paragraph\">Limitaci\u00f3n del tratamiento<\/p>\n\n\n\n<p class=\"wp-block-paragraph\">Portabilidad de los datos<\/p>\n\n\n\n<p class=\"wp-block-paragraph\">Oposici\u00f3n<\/p>\n\n\n\n<p class=\"wp-block-paragraph\">El ejercicio de estos derechos deber\u00e1 llevarse a cabo mediante comunicaci\u00f3n dirigida a<\/p>\n\n\n\n<p class=\"wp-block-paragraph\">HIDUP, ya sea a su direcci\u00f3n postal, indicada m\u00e1s arriba, o a la direcci\u00f3n electr\u00f3nica dispuesta a estos efectos (soporte@hidup.io), sin perjuicio del uso de cualquier otro medio v\u00e1lido en derecho que permita cumplimentar de forma legalmente v\u00e1lida los requisitos para ello.&nbsp;<\/p>\n\n\n\n<p class=\"wp-block-paragraph\">Para acreditar su identidad necesitaremos que nos facilite<\/p>\n\n\n\n<ul class=\"wp-block-list\"><li>Nombre y apellidos del interesado; copia de DNI, pasaporte o similar y, en su caso, de la persona que lo represente.<\/li><li>Objeto de la petici\u00f3n.&nbsp;&nbsp;<\/li><li>Direcci\u00f3n a efectos de notificaciones, fecha y firma del solicitante.&nbsp;&nbsp;<\/li><li>Documentos acreditativos de la petici\u00f3n formulada en el caso de que se estimen convenientes o necesarios.<\/li><\/ul>\n\n\n\n<ol class=\"wp-block-list\" start=\"9\"><li><strong>Gesti\u00f3n de la informaci\u00f3n<\/strong><\/li><\/ol>\n\n\n\n<p class=\"wp-block-paragraph\">Los datos que aportas a la Web son incluidos en nuestros tratamientos antes mencionados, as\u00ed como aquellos que son cedidos, tambi\u00e9n lo hacen en el pertinente Registro de Transferencias.<\/p>\n","protected":false},"excerpt":{"rendered":"<p>General Para posibilitar el uso de la web de HIDUP MEDICAL&nbsp; no es necesario ser usuario registrado de la misma, el presente aviso informa de la pol\u00edtica de privacidad de la compa\u00f1\u00eda con respecto a los datos facilitados a la misma. Para cumplir con el deber de informaci\u00f3n que exige la normativa el usuario que&hellip;&nbsp;<a href=\"https:\/\/medical.hidup.io\/es\/politica-de-privacidad\/\" rel=\"bookmark\">Leer m\u00e1s &raquo;<span class=\"screen-reader-text\">Pol\u00edtica de Privacidad<\/span><\/a><\/p>\n","protected":false},"author":1,"featured_media":0,"parent":0,"menu_order":0,"comment_status":"closed","ping_status":"closed","template":"","meta":{"_crdt_document":"","neve_meta_sidebar":"full-width","neve_meta_container":"","neve_meta_enable_content_width":"on","neve_meta_content_width":81,"neve_meta_title_alignment":"","neve_meta_author_avatar":"","neve_post_elements_order":"","neve_meta_disable_header":"","neve_meta_disable_footer":"","neve_meta_disable_title":"","footnotes":""},"class_list":["post-400","page","type-page","status-publish","hentry"],"_links":{"self":[{"href":"https:\/\/medical.hidup.io\/es\/wp-json\/wp\/v2\/pages\/400","targetHints":{"allow":["GET"]}}],"collection":[{"href":"https:\/\/medical.hidup.io\/es\/wp-json\/wp\/v2\/pages"}],"about":[{"href":"https:\/\/medical.hidup.io\/es\/wp-json\/wp\/v2\/types\/page"}],"author":[{"embeddable":true,"href":"https:\/\/medical.hidup.io\/es\/wp-json\/wp\/v2\/users\/1"}],"replies":[{"embeddable":true,"href":"https:\/\/medical.hidup.io\/es\/wp-json\/wp\/v2\/comments?post=400"}],"version-history":[{"count":47,"href":"https:\/\/medical.hidup.io\/es\/wp-json\/wp\/v2\/pages\/400\/revisions"}],"predecessor-version":[{"id":3961,"href":"https:\/\/medical.hidup.io\/es\/wp-json\/wp\/v2\/pages\/400\/revisions\/3961"}],"wp:attachment":[{"href":"https:\/\/medical.hidup.io\/es\/wp-json\/wp\/v2\/media?parent=400"}],"curies":[{"name":"wp","href":"https:\/\/api.w.org\/{rel}","templated":true}]}}