{"id":2254,"date":"2021-07-12T09:54:33","date_gmt":"2021-07-12T09:54:33","guid":{"rendered":"https:\/\/medical.hidup.io\/?page_id=2254"},"modified":"2022-02-09T10:29:02","modified_gmt":"2022-02-09T10:29:02","slug":"legal","status":"publish","type":"page","link":"https:\/\/medical.hidup.io\/es\/legal\/","title":{"rendered":"Legal"},"content":{"rendered":"\n<div class=\"wp-block-themeisle-blocks-advanced-columns has-1-columns has-desktop-equal-layout has-tablet-equal-layout has-mobile-equal-layout has-default-gap has-vertical-unset\" id=\"wp-block-themeisle-blocks-advanced-columns-ae594ce5\"><div class=\"wp-block-themeisle-blocks-advanced-columns-overlay\"><\/div><div class=\"innerblocks-wrap\">\n<div class=\"wp-block-themeisle-blocks-advanced-column\" id=\"wp-block-themeisle-blocks-advanced-column-4ba409d5\">\n<p class=\"wp-block-paragraph\"><strong>AVISO LEGAL&nbsp;<\/strong><\/p>\n\n\n\n<p class=\"wp-block-paragraph\">En cumplimiento del deber de informaci\u00f3n estipulado en el art\u00edculo 10 de la Ley 34\/2002 de 11 de julio de Servicios de la Sociedad de la Informaci\u00f3n y de Comercio Electr\u00f3nico, <strong>Hidup Medical S.L. <\/strong>. con sede social en la Calle Torrijiano n\u00ba 23, CP 41009 de Sevilla, Espa\u00f1a y con correo soporte@hidup.io en calidad de titular del web site procede a comunicarles los datos identificativos exigidos por la referida norma:<\/p>\n\n\n\n<p class=\"wp-block-paragraph\"><strong>Hidup Medical S.L. con CIF: <\/strong><strong>B16734972<\/strong><strong>&nbsp; y sede social en la Calle Torrijiano n\u00ba 23, CP 41009 de Sevilla, Espa\u00f1a y con correo <\/strong><a href=\"mailto:soporte@hidup.io\"><strong>soporte@hidup.io<\/strong><\/a><strong> (en adelante HIDUP MEDICAL)<\/strong> inscrita en el Registro Mercantil de Sevilla con fecha 4 de agosto de 2021 en el tomo 7091, folio 155, inscripci\u00f3n 1 con hoja SE-131323<\/p>\n\n\n\n<p class=\"wp-block-paragraph\">La presente informaci\u00f3n conforma y regula las condiciones de uso, las limitaciones de responsabilidad y las obligaciones que los usuarios de la p\u00e1gina Web que se publica bajo el nombre de dominio https:\/\/medical.hidup.io, que asumen y se comprometen a respetar<\/p>\n\n\n\n<p class=\"wp-block-paragraph\"><strong>Condiciones de uso<\/strong><\/p>\n\n\n\n<p class=\"wp-block-paragraph\">La simple y mera utilizaci\u00f3n de la P\u00e1gina otorga la condici\u00f3n de usuario de la P\u00e1gina, bien sea persona f\u00edsica o jur\u00eddica, y obligatoriamente implica la aceptaci\u00f3n completa, plena y sin reservas de todas y cada una de las cl\u00e1usulas y condiciones generales incluidas en el Aviso Legal. Si el Usuario no estuviera conforme con las cl\u00e1usulas y condiciones de uso de este Aviso Legal, se abstendr\u00e1 de utilizar la P\u00e1gina.<\/p>\n\n\n\n<p class=\"wp-block-paragraph\">Este Aviso Legal est\u00e1 sujeto a cambios y actualizaciones por lo que la versi\u00f3n publicada puede ser diferente en cada momento en que el Usuario acceda al Portal. Por tanto, el Usuario debe leer el Aviso Legal en todas y cada una de las ocasiones en que acceda a la P\u00e1gina.No obstante lo anterior, en caso de cambios en la misma, se facilitar\u00e1 acceso a las versiones antiguas de la misma.<\/p>\n\n\n\n<p class=\"wp-block-paragraph\">A trav\u00e9s de la P\u00e1gina, se facilita a los Usuarios el acceso y la utilizaci\u00f3n de diversos Contenidos publicados por medio de Internet por o por terceros autorizados.<\/p>\n\n\n\n<p class=\"wp-block-paragraph\">El Usuario est\u00e1 obligado y se compromete a utilizar la P\u00e1gina y los Contenidos de conformidad con la legislaci\u00f3n vigente, el Aviso Legal, y cualquier otro aviso o instrucciones puestos en su conocimiento, bien sea por medio de este aviso legal o en cualquier otro lugar dentro de los Contenidos que conforman la P\u00e1gina, as\u00ed como con las normas de convivencia, la moral y buenas costumbres generalmente aceptadas.<\/p>\n\n\n\n<p class=\"wp-block-paragraph\">A tal efecto, el Usuario se obliga y compromete a NO utilizar cualquiera de los Contenidos con fines o efectos il\u00edcitos, prohibidos en el Aviso Legal o por la legislaci\u00f3n vigente, lesivos de los derechos e intereses de terceros, o que de cualquier forma puedan da\u00f1ar, inutilizar, sobrecargar, deteriorar o impedir la normal utilizaci\u00f3n de los Contenidos, los equipos inform\u00e1ticos o los documentos, archivos y toda clase de contenidos almacenados en cualquier equipo inform\u00e1tico propios o contratados por <strong>HIDUP MEDICAL<\/strong>, de otros Usuarios o de cualquier usuario de Internet (hardware y software).<\/p>\n\n\n\n<p class=\"wp-block-paragraph\">Asimismo, de conformidad con todo ello, el Usuario no podr\u00e1 suprimir, manipular o de cualquier forma alterar el \u201ccopyright\u201d, dem\u00e1s datos identificativos y elementos de seguridad vinculados de la reserva de derechos de <strong>HIDUP MEDICAL <\/strong>o de sus titulares.<\/p>\n\n\n\n<p class=\"wp-block-paragraph\">La finalidad de la web es la de la promoci\u00f3n, difusi\u00f3n, informaci\u00f3n y venta de lo relacionado con la utilizaci\u00f3n, desarrollo, venta, uso e implementaci\u00f3n de un Portal del Paciente.<\/p>\n\n\n\n<p class=\"wp-block-paragraph\">El Usuario deber\u00e1 abstenerse de obtener e incluso de intentar obtener los Contenidos empleando para ello medios o procedimientos distintos de los que, seg\u00fan los casos, se hayan puesto a su disposici\u00f3n a este efecto o se hayan indicado a este efecto en las p\u00e1ginas Web donde se encuentren los Contenidos o, en general, de los que se empleen habitualmente en Internet a este efecto siempre que no entra\u00f1en un riesgo de da\u00f1o o inutilizaci\u00f3n de la P\u00e1gina, y\/o de los Contenidos.<\/p>\n\n\n\n<p class=\"wp-block-paragraph\"><strong>HIDUP MEDICAL <\/strong>no es responsable de la transmisi\u00f3n, difusi\u00f3n o puesta a disposici\u00f3n de terceros de cualquier material contenido en la p\u00e1gina, tales como informaciones textos, datos, contenidos, mensajes, gr\u00e1ficos, dibujos, archivos de sonido y\/o imagen, fotograf\u00edas, grabaciones, software, logotipos, marcas, iconos, enlaces, dise\u00f1os gr\u00e1ficos, c\u00f3digos fuente, o cualquier otro material al que tuviera acceso en su condici\u00f3n de usuario de la p\u00e1gina. La utilizaci\u00f3n de los contenidos por parte de los usuarios se realizar\u00e1 sin menoscabar la imagen y el nombre de <strong>HIDUP MEDICAL<\/strong>.<\/p>\n\n\n\n<p class=\"wp-block-paragraph\"><strong>HIDUP MEDICAL <\/strong>no es responsable del uso que se haga de los contenidos por parte de los usuarios, ni patrocina, colabora, ni comparte las opiniones que puedan darse por los usuarios. En caso de detectarse un uso de los contenidos con un fin que pudiera, a juicio de <strong>HIDUP MEDICAL<\/strong>, menoscabar su imagen, la mera comunicaci\u00f3n por correo electr\u00f3nico al responsable de la mala utilizaci\u00f3n de los contenidos, ser\u00e1 suficiente para que cese en el uso de los contenidos de la Web.<\/p>\n\n\n\n<p class=\"wp-block-paragraph\"><strong>Propiedad intelectual<\/strong><\/p>\n\n\n\n<p class=\"wp-block-paragraph\">Todas las marcas, nombres comerciales o signos distintivos de cualquier clase que aparecen en la P\u00e1gina, y en especial los escritos, publicaciones y blogs de la misma son propiedad de <strong>HIDUP MEDICAL <\/strong>o, en su caso, de terceros que han autorizado su uso, sin que pueda entenderse que el uso o acceso al Portal y\/o a los Contenidos atribuya al Usuario derecho alguno sobre las citadas marcas, nombres comerciales y\/o signos distintivos, y sin que puedan entenderse cedidos al Usuario, ninguno de los derechos de explotaci\u00f3n que existen o puedan existir sobre dichos Contenidos.<\/p>\n\n\n\n<p class=\"wp-block-paragraph\">La utilizaci\u00f3n no autorizada de la informaci\u00f3n contenida en esta Web, as\u00ed como la lesi\u00f3n de los derechos de Propiedad Intelectual o Industrial de <strong>HIDUP MEDICAL <\/strong>o de terceros incluidos en la P\u00e1gina que hayan cedido contenidos dar\u00e1 lugar a las responsabilidades legalmente establecidas.<\/p>\n\n\n\n<p class=\"wp-block-paragraph\"><strong>Hiperenlaces<\/strong><\/p>\n\n\n\n<p class=\"wp-block-paragraph\">Aquellas personas que se propongan establecer hiperenlaces entre su p\u00e1gina Web y la P\u00e1gina deber\u00e1n observar y cumplir las condiciones siguientes:<\/p>\n\n\n\n<p class=\"wp-block-paragraph\">\u2013 No ser\u00e1 necesaria autorizaci\u00f3n previa cuando el Hiperenlace permita \u00fanicamente el acceso a la p\u00e1gina de inicio, pero no podr\u00e1 reproducirla de ninguna forma. Cualquier otra forma de Hiperenlace requerir\u00e1 la autorizaci\u00f3n expresa e inequ\u00edvoca por escrito por parte de <strong>HIDUP MEDICAL<\/strong>.<\/p>\n\n\n\n<p class=\"wp-block-paragraph\">\u2013 No se crear\u00e1n \u201cmarcos\u201d (\u201cframes\u201d) con las p\u00e1ginas Web ni sobre las p\u00e1ginas Web de <strong>HIDUP MEDICAL&nbsp;<\/strong><\/p>\n\n\n\n<p class=\"wp-block-paragraph\">\u2013 No se realizar\u00e1n manifestaciones o indicaciones falsas, inexactas, u ofensivas sobre <strong>HIDUP MEDICAL<\/strong>, sus empleados o colaboradores, o de las personas que se relacionen en la P\u00e1gina por cualquier motivo, o de los Usuarios de las P\u00e1gina, o de los Contenidos suministrados.<\/p>\n\n\n\n<p class=\"wp-block-paragraph\">\u2013 No se declarar\u00e1 ni se dar\u00e1 a entender que <strong>HIDUP MEDICAL <\/strong>ha autorizado el Hiperenlace o que ha supervisado o asumido de cualquier forma los Contenidos ofrecidos o puestos a disposici\u00f3n de la p\u00e1gina Web en la que se establece el Hiperenlace.<\/p>\n\n\n\n<p class=\"wp-block-paragraph\">\u2013 La p\u00e1gina Web en la que se establezca el Hiperenlace solo podr\u00e1 contener lo estrictamente necesario para identificar el destino del Hiperenlace.<\/p>\n\n\n\n<p class=\"wp-block-paragraph\">\u2013 La p\u00e1gina Web en la que se establezca el Hiperenlace no contendr\u00e1 informaciones o contenidos il\u00edcitos, contrarios a la moral y a las buenas costumbres generalmente aceptadas y al orden p\u00fablico, as\u00ed como tampoco contendr\u00e1 contenidos contrarios a cualesquiera derechos de terceros.<\/p>\n\n\n\n<p class=\"wp-block-paragraph\"><strong>Disponibilidad de la P\u00e1gina<\/strong><\/p>\n\n\n\n<p class=\"wp-block-paragraph\"><strong>HIDUP MEDICAL <\/strong>no garantiza la inexistencia de interrupciones o errores en el acceso a la P\u00e1gina, a sus Contenidos, ni que \u00e9ste se encuentren actualizados, aunque desarrollar\u00e1 sus mejores esfuerzos para, en su caso, evitarlos, subsanarlos o actualizarlos. Por consiguiente, no se responsabiliza de los da\u00f1os o perjuicios de cualquier tipo producidos en el Usuario que traigan causa de fallos o desconexiones en las redes de telecomunicaciones que produzcan la suspensi\u00f3n, cancelaci\u00f3n o interrupci\u00f3n del servicio del Portal durante la prestaci\u00f3n del mismo o con car\u00e1cter previo.<\/p>\n\n\n\n<p class=\"wp-block-paragraph\"><strong>HIDUP MEDICAL <\/strong>excluye, con las excepciones contempladas en la legislaci\u00f3n vigente, cualquier responsabilidad por los da\u00f1os y perjuicios de toda naturaleza que puedan deberse a la falta de disponibilidad, continuidad o calidad del funcionamiento de la P\u00e1gina y de los Contenidos, al no cumplimiento de la expectativa de utilidad que los usuarios hubieren podido atribuir a la P\u00e1gina y a los Contenidos.<\/p>\n\n\n\n<p class=\"wp-block-paragraph\">La funci\u00f3n de los Hiperenlaces que aparecen en esta Web es exclusivamente la de informar al usuario acerca de la existencia de otras Web que contienen informaci\u00f3n sobre la materia. Dichos Hiperenlaces no constituyen sugerencia ni recomendaci\u00f3n alguna.<\/p>\n\n\n\n<p class=\"wp-block-paragraph\"><strong>HIDUP MEDICAL <\/strong>no se hace responsable de los contenidos de dichas p\u00e1ginas enlazadas, del funcionamiento, utilidad o cualquier caracter\u00edstica de la misma.<\/p>\n\n\n\n<p class=\"wp-block-paragraph\">El acceso a la P\u00e1gina no implica la obligaci\u00f3n por parte de <strong>HIDUP MEDICAL <\/strong>de controlar la ausencia de virus, gusanos o cualquier otro elemento inform\u00e1tico da\u00f1ino. Corresponde al Usuario, en todo caso, la disponibilidad de herramientas adecuadas para la detecci\u00f3n y desinfecci\u00f3n de programas inform\u00e1ticos da\u00f1inos, por lo tanto,<strong> HIDUP MEDICAL <\/strong>&nbsp;no se hace responsable de los posibles errores de seguridad que se puedan producir durante la prestaci\u00f3n del servicio de la P\u00e1gina, ni de los posibles da\u00f1os que puedan causarse al sistema inform\u00e1tico del usuario o de terceros (hardware y software), los ficheros o documentos almacenados en el mismo, como consecuencia de la presencia de virus en el ordenador del usuario utilizado para la conexi\u00f3n a los servicios y contenidos de la Web, de un mal funcionamiento del navegador o del uso de versiones no actualizadas del mismo.<\/p>\n\n\n\n<p class=\"wp-block-paragraph\"><strong>Calidad de la P\u00e1gina<\/strong><\/p>\n\n\n\n<p class=\"wp-block-paragraph\">Dado el entorno din\u00e1mico y cambiante de la informaci\u00f3n y servicios que se suministran por medio de la P\u00e1gina, <strong>HIDUP MEDICAL <\/strong>realiza siempre su mejor esfuerzo, pero no garantiza la completa veracidad, exactitud, fiabilidad, utilidad y\/o actualidad de los Contenidos.<\/p>\n\n\n\n<p class=\"wp-block-paragraph\">La informaci\u00f3n contenida en las p\u00e1ginas que componen este Portal s\u00f3lo tiene car\u00e1cter informativo, consultivo, divulgativo y publicitario. En ning\u00fan caso ofrecen ni tienen car\u00e1cter de compromiso vinculante o contractual, mientras no se realice una oferta vinculante y una compra por pasarela.&nbsp;<\/p>\n\n\n\n<p class=\"wp-block-paragraph\"><strong>Limitaci\u00f3n de responsabilidad<\/strong><\/p>\n\n\n\n<p class=\"wp-block-paragraph\"><strong>HIDUP MEDICAL <\/strong>excluye toda responsabilidad por las decisiones que el Usuario pueda tomar basado en esta informaci\u00f3n, as\u00ed como por los posibles errores tipogr\u00e1ficos que puedan contener los documentos y gr\u00e1ficos de la P\u00e1gina. La informaci\u00f3n est\u00e1 sometida a posibles cambios peri\u00f3dicos sin previo aviso de su contenido por ampliaci\u00f3n, mejora, correcci\u00f3n o actualizaci\u00f3n de los Contenidos.<\/p>\n\n\n\n<p class=\"wp-block-paragraph\">Ser\u00e1 de la completa responsabilidad del usuario de la p\u00e1gina comprobar en cada acceso si la informaci\u00f3n disponible ha cambiado.<\/p>\n\n\n\n<p class=\"wp-block-paragraph\"><strong>Notificaciones<\/strong><\/p>\n\n\n\n<p class=\"wp-block-paragraph\">Todas las notificaciones y comunicaciones por parte de <strong>HIDUP MEDICAL <\/strong>al Usuario realizadas por cualquier medio se considerar\u00e1n eficaces a todos los efectos.<\/p>\n\n\n\n<p class=\"wp-block-paragraph\"><strong>Disponibilidad de los Contenidos<\/strong><\/p>\n\n\n\n<p class=\"wp-block-paragraph\">La prestaci\u00f3n del servicio de la P\u00e1gina y de los Contenidos tiene, en principio, duraci\u00f3n indefinida. <strong>HIDUP MEDICAL<\/strong>, no obstante, queda autorizado para dar por terminada o suspender la prestaci\u00f3n del servicio de la P\u00e1gina y\/o de cualquiera de los Contenidos en cualquier momento. Cuando ello sea razonablemente posible, advertir\u00e1 previamente la terminaci\u00f3n o suspensi\u00f3n de la P\u00e1gina.<\/p>\n\n\n\n<p class=\"wp-block-paragraph\"><strong>Uso de cookies<\/strong><\/p>\n\n\n\n<p class=\"wp-block-paragraph\">Las webs de <strong>HIDUP MEDICAL <\/strong>utilizan cookies. Las cookies son ficheros enviados a un navegador por medio de un servidor web para registrar las actividades del Usuario en una web o servicios de las webs de <strong>HIDUP MEDICAL .<\/strong><\/p>\n\n\n\n<p class=\"wp-block-paragraph\">Las cookies se usan para facilitar un acceso m\u00e1s r\u00e1pido a los servicios seleccionados, y personalizar los servicios que ofrecen las webs de <strong>HIDUP MEDICAL<\/strong>, en base a elecciones y preferencias habituales del usuario, al hacer uso de los servicios.<\/p>\n\n\n\n<p class=\"wp-block-paragraph\">Las cookies se asocian a un usuario an\u00f3nimo y su ordenador y no recaban datos de car\u00e1cter personal. El usuario puede configurar su navegador para no permitir la instalaci\u00f3n de cookies utilizadas por las webs de <strong>HIDUP MEDICAL, <\/strong>sin que el rechazo de las mismas impida al usuario acceder los servicios, si bien, no permitir la instalaci\u00f3n de cookies, puede hacer bajar la rapidez y calidad de funcionamiento de la p\u00e1gina Web o impedir la utilizaci\u00f3n de alguno de los servicios del website.<\/p>\n\n\n\n<p class=\"wp-block-paragraph\">Para m\u00e1s informaci\u00f3n, pueden dirigirse a nuestra Pol\u00edtica de Cookies.<\/p>\n\n\n\n<p class=\"wp-block-paragraph\"><strong>Presencia en Redes Sociales:<\/strong><\/p>\n\n\n\n<p class=\"wp-block-paragraph\"><strong>HIDUP MEDICAL <\/strong>da a trav\u00e9s de su web acceso a distintas redes sociales en las que tiene presencia. Dichas redes sociales son independientes a la presente compa\u00f1\u00eda y deber\u00e1 atenerse a las condiciones de uso all\u00ed determinadas. En cualquier caso, las comunicaciones y tratamientos asociados a las mismas se regir\u00e1n en lo previsto por este aviso legal y pol\u00edtica de privacidad en lo que no contravenga con las normas de la propia plataforma.<\/p>\n\n\n\n<p class=\"wp-block-paragraph\">Las actuales Redes donde se encuentra <strong>HIDUP MEDICAL <\/strong>son las siguientes:<\/p>\n\n\n\n<p class=\"wp-block-paragraph\">LINKEDIN<\/p>\n\n\n\n<p class=\"wp-block-paragraph\"><strong>Uso en&nbsp; dispositivos m\u00f3viles<\/strong><\/p>\n\n\n\n<p class=\"wp-block-paragraph\">La presente web no est\u00e1 dise\u00f1ada espec\u00edficamente para dispositivos m\u00f3viles, no obstante, soporta la posibilidad de uso en los mismos. <strong>HIDUP MEDICAL <\/strong>se exonera expresamente&nbsp; de cualquier tipo de incidencia o responsabilidad por el uso de la web en dichos terminales, as\u00ed como de los costes asociados al uso de la web a trav\u00e9s de estos dispositivos m\u00f3viles.<\/p>\n\n\n\n<p class=\"wp-block-paragraph\"><strong>Publicidad<\/strong><\/p>\n\n\n\n<p class=\"wp-block-paragraph\"><strong>HIDUP MEDICAL <\/strong>se reserva el derecho a llevar a cabo campa\u00f1as publicitarias espec\u00edficas a trav\u00e9s de la plataforma m\u00e1s all\u00e1 de la finalidad propia de la web, la difusi\u00f3n de los productos que pudiera ofrecer.<\/p>\n\n\n\n<p class=\"wp-block-paragraph\"><strong>Protecci\u00f3n de Datos de Car\u00e1cter Personal<\/strong><\/p>\n\n\n\n<p class=\"wp-block-paragraph\"><strong>HIDUP MEDICAL <\/strong>es consciente de la importancia de la privacidad de los datos de car\u00e1cter personal y por ello, ha implementado una pol\u00edtica de tratamiento de datos orientada a proveer la m\u00e1xima seguridad en el uso y recogida de los mismos, garantizando el cumplimiento de la normativa vigente en la materia y configurando dicha pol\u00edtica como uno de los pilares b\u00e1sicos en las l\u00edneas de actuaci\u00f3n de la entidad.<\/p>\n\n\n\n<p class=\"wp-block-paragraph\">Durante la navegaci\u00f3n a trav\u00e9s de la presente web es posible que se soliciten datos de car\u00e1cter personal a trav\u00e9s de diferentes formularios dispuestos al efecto. Dichos datos formar\u00e1n parte de ficheros titularidad de <strong>la WEB<\/strong>.<\/p>\n\n\n\n<p class=\"wp-block-paragraph\">De esta forma, la informaci\u00f3n particular de cada tratamiento de datos se aportar\u00e1 junto a los formularios web por medio de una cl\u00e1usula incluida en cada uno de ellos, siendo com\u00fan a todos ellos el responsable del fichero: <strong>HIDUP MEDICAL<\/strong> as\u00ed como el lugar y forma de ejercicio de sus derechos rse mediante una comunicaci\u00f3n escrita a la direcci\u00f3n indicada anteriormente incluyendo copia del DNI o documento identificativo equivalente conforme se establece en la Pol\u00edtica de Privacidad.<\/p>\n\n\n\n<p class=\"wp-block-paragraph\">La finalidad de los tratamientos es de car\u00e1cter estad\u00edstico y de contestaci\u00f3n a las consultas planteadas.<\/p>\n\n\n\n<p class=\"wp-block-paragraph\">Los datos proporcionados por los usuarios no ser\u00e1n cedidos o comunicados a terceros excepto en lo que est\u00e9 dispuesto por la legislaci\u00f3n vigente.<\/p>\n\n\n\n<p class=\"wp-block-paragraph\"><strong>HIDUP MEDICAL <\/strong>ha implantado las medidas t\u00e9cnicas y organizativas necesarias para evitar la p\u00e9rdida, mal uso, alteraci\u00f3n, acceso no autorizado y robo de los Datos Personales que los usuarios pudieran facilitar como consecuencia del acceso a las diferentes secciones del website.<\/p>\n\n\n\n<p class=\"wp-block-paragraph\"><strong>Jurisdicci\u00f3n<\/strong><\/p>\n\n\n\n<p class=\"wp-block-paragraph\">Para cuantas cuestiones se susciten sobre la interpretaci\u00f3n, aplicaci\u00f3n y cumplimiento de este Aviso Legal, as\u00ed como de las reclamaciones que puedan derivarse de su uso, todos las partes intervinientes intentar\u00e1n un proceso de mediaci\u00f3n previa, en caso de no \u00e9xito de la mismas, se someten a los Jueces y Tribunales de Sevilla, en caso de no consumidores, siendo el fuero que estos determinen en este supuesto.<\/p>\n\n\n\n<p class=\"wp-block-paragraph\"><strong>Legislaci\u00f3n aplicable<\/strong><\/p>\n\n\n\n<p class=\"wp-block-paragraph\">El Aviso Legal se rige por la ley espa\u00f1ola.<\/p>\n\n\n\n<p class=\"wp-block-paragraph\"><strong>Idioma disponible<\/strong><\/p>\n\n\n\n<p class=\"wp-block-paragraph\">El \u00fanico idioma disponible para todos los textos legales de la presente p\u00e1gina web es el espa\u00f1ol-castellano.<\/p>\n\n\n\n<p class=\"wp-block-paragraph\"><\/p>\n<\/div>\n<\/div><\/div>\n","protected":false},"excerpt":{"rendered":"","protected":false},"author":1,"featured_media":0,"parent":0,"menu_order":0,"comment_status":"closed","ping_status":"closed","template":"","meta":{"_crdt_document":"","neve_meta_sidebar":"full-width","neve_meta_container":"","neve_meta_enable_content_width":"on","neve_meta_content_width":76,"neve_meta_title_alignment":"","neve_meta_author_avatar":"","neve_post_elements_order":"","neve_meta_disable_header":"","neve_meta_disable_footer":"","neve_meta_disable_title":"on","footnotes":""},"class_list":["post-2254","page","type-page","status-publish","hentry"],"_links":{"self":[{"href":"https:\/\/medical.hidup.io\/es\/wp-json\/wp\/v2\/pages\/2254","targetHints":{"allow":["GET"]}}],"collection":[{"href":"https:\/\/medical.hidup.io\/es\/wp-json\/wp\/v2\/pages"}],"about":[{"href":"https:\/\/medical.hidup.io\/es\/wp-json\/wp\/v2\/types\/page"}],"author":[{"embeddable":true,"href":"https:\/\/medical.hidup.io\/es\/wp-json\/wp\/v2\/users\/1"}],"replies":[{"embeddable":true,"href":"https:\/\/medical.hidup.io\/es\/wp-json\/wp\/v2\/comments?post=2254"}],"version-history":[{"count":7,"href":"https:\/\/medical.hidup.io\/es\/wp-json\/wp\/v2\/pages\/2254\/revisions"}],"predecessor-version":[{"id":3801,"href":"https:\/\/medical.hidup.io\/es\/wp-json\/wp\/v2\/pages\/2254\/revisions\/3801"}],"wp:attachment":[{"href":"https:\/\/medical.hidup.io\/es\/wp-json\/wp\/v2\/media?parent=2254"}],"curies":[{"name":"wp","href":"https:\/\/api.w.org\/{rel}","templated":true}]}}